{"id":63,"date":"2023-10-29T08:33:44","date_gmt":"2023-10-29T08:33:44","guid":{"rendered":"https:\/\/funeraresergiu.ro\/?page_id=63"},"modified":"2024-02-26T16:20:43","modified_gmt":"2024-02-26T16:20:43","slug":"ajutor-deces","status":"publish","type":"page","link":"https:\/\/funeraresergiu.ro\/index.php\/ajutor-deces\/","title":{"rendered":"Ajutor de deces"},"content":{"rendered":"\n<p><\/p>\n\n\n\n<p><strong>Care este valoarea ajutorului de deces \u00een ianuarie 2024?<\/strong> <\/p>\n\n\n\n<p>\u00cen ianuarie 2024, valoarea ajutorului de deces este de 7.567 RON \u00een cazul decesului asiguratului sau al pensionarului, \u0219i de 3.784 RON \u00een cazul decesului unui membru de familie al asiguratului sau al pensionarului.<\/p>\n\n\n\n<p><strong>Cine este eligibil pentru ajutor de deces?<\/strong> <\/p>\n\n\n\n<p>Ajutorul de deces se acord\u0103 \u00een cazul decesului asiguratului, pensionarului, persoanei aflate \u00een concediu pentru cre\u0219terea copilului, precum \u0219i membrilor de familie care \u00eendeplinesc anumite condi\u021bii.<\/p>\n\n\n\n<p><strong>Cine poate beneficia de ajutorul de deces?<\/strong> <\/p>\n\n\n\n<p>Beneficiarii ajutorului de deces variaz\u0103 \u00een func\u021bie de situa\u021bie, put\u00e2nd fi so\u021bul supravie\u021buitor, copilul, p\u0103rintele, tutorele, curatorul sau oricare alt\u0103 persoan\u0103 care a suportat cheltuielile legate de deces, cu acte doveditoare.<\/p>\n\n\n\n<p><strong> Care este defini\u021bia &#8220;membru de familie&#8221; \u00een ceea ce prive\u0219te ajutorul de deces?<\/strong> <\/p>\n\n\n\n<p>Un membru de familie, conform legii, poate fi so\u021bul\/so\u021bia, copiii proprii, copiii adopta\u021bi, copiii afla\u021bi \u00een plasament familial sau cei \u00eencredin\u021ba\u021bi spre cre\u0219tere \u0219i educare familiei, p\u00e2n\u0103 la v\u00e2rsta de 18 ani sau, dac\u0103 continu\u0103 studiile, p\u00e2n\u0103 la terminarea acestora, f\u0103r\u0103 a dep\u0103\u0219i v\u00e2rsta de 26 de ani. De asemenea, p\u0103rin\u021bii \u0219i bunicii oric\u0103rui dintre so\u021bi sunt considera\u021bi membri de familie.<\/p>\n\n\n\n<p><strong>Care este cuantumul ajutorului de deces?<\/strong> <\/p>\n\n\n\n<p>Cuantumul ajutorului de deces este stabilit anual \u0219i nu poate fi mai mic dec\u00e2t valoarea c\u00e2\u0219tigului salarial mediu brut. Acesta se acord\u0103 \u00een termen de 3 zile lucr\u0103toare de la solicitare \u0219i poate varia \u00een func\u021bie de situa\u021bie.<\/p>\n\n\n\n<p><strong>Ce documente sunt necesare pentru acordarea ajutorului de deces?<\/strong><\/p>\n\n\n\n<p>Documentele necesare includ cererea pentru acordarea ajutorului de deces, certificatul de deces, actul de identitate al solicitantului, actele de stare civil\u0103, dovada cheltuielilor legate de deces, actul medical (\u00een cazul copiilor inap\u021bi pentru munc\u0103), adeverin\u021be \u0219i acte care atest\u0103 calitatea de asigurat sau pensionar, dup\u0103 caz.<\/p>\n\n\n\n<p><strong>Cum se face solicitarea pentru ajutor de deces?<\/strong> <\/p>\n\n\n\n<p>Solicitarea pentru ajutorul de deces se face la casa teritorial\u0103 de pensii sau la institu\u021bia care gestioneaz\u0103 bugetul asigur\u0103rilor pentru \u0219omaj, \u00een func\u021bie de situa\u021bie. Este important s\u0103 se completeze \u0219i s\u0103 se depun\u0103 documentele necesare.<\/p>\n\n\n\n<p><\/p>\n","protected":false},"excerpt":{"rendered":"<p>Care este valoarea ajutorului de deces \u00een ianuarie 2024? \u00cen ianuarie 2024, valoarea ajutorului de deces este de 7.567 RON \u00een cazul decesului asiguratului sau al pensionarului, \u0219i de 3.784 RON \u00een cazul decesului unui membru de familie al asiguratului sau al pensionarului. Cine este eligibil pentru ajutor de deces? Ajutorul de deces se acord\u0103 [&hellip;]<\/p>\n","protected":false},"author":1,"featured_media":0,"parent":0,"menu_order":0,"comment_status":"closed","ping_status":"closed","template":"","meta":{"footnotes":""},"class_list":["post-63","page","type-page","status-publish","hentry"],"_links":{"self":[{"href":"https:\/\/funeraresergiu.ro\/index.php\/wp-json\/wp\/v2\/pages\/63","targetHints":{"allow":["GET"]}}],"collection":[{"href":"https:\/\/funeraresergiu.ro\/index.php\/wp-json\/wp\/v2\/pages"}],"about":[{"href":"https:\/\/funeraresergiu.ro\/index.php\/wp-json\/wp\/v2\/types\/page"}],"author":[{"embeddable":true,"href":"https:\/\/funeraresergiu.ro\/index.php\/wp-json\/wp\/v2\/users\/1"}],"replies":[{"embeddable":true,"href":"https:\/\/funeraresergiu.ro\/index.php\/wp-json\/wp\/v2\/comments?post=63"}],"version-history":[{"count":4,"href":"https:\/\/funeraresergiu.ro\/index.php\/wp-json\/wp\/v2\/pages\/63\/revisions"}],"predecessor-version":[{"id":77,"href":"https:\/\/funeraresergiu.ro\/index.php\/wp-json\/wp\/v2\/pages\/63\/revisions\/77"}],"wp:attachment":[{"href":"https:\/\/funeraresergiu.ro\/index.php\/wp-json\/wp\/v2\/media?parent=63"}],"curies":[{"name":"wp","href":"https:\/\/api.w.org\/{rel}","templated":true}]}}